{"id":716,"date":"2022-05-10T14:49:50","date_gmt":"2022-05-10T12:49:50","guid":{"rendered":"https:\/\/deltacons.eu\/?page_id=716"},"modified":"2022-05-17T11:35:46","modified_gmt":"2022-05-17T09:35:46","slug":"ako-pracujeme","status":"publish","type":"page","link":"https:\/\/deltacons.eu\/en\/ako-pracujeme\/","title":{"rendered":"Our work"},"content":{"rendered":"<div data-elementor-type=\"wp-page\" data-elementor-id=\"716\" class=\"elementor elementor-716\">\n\t\t\t\t\t\t\t\t\t<section class=\"elementor-section elementor-top-section elementor-element elementor-element-49e0b6af elementor-section-boxed elementor-section-height-default elementor-section-height-default\" data-id=\"49e0b6af\" data-element_type=\"section\" data-settings=\"{&quot;background_background&quot;:&quot;classic&quot;}\">\n\t\t\t\t\t\t<div class=\"elementor-container elementor-column-gap-default\">\n\t\t\t\t\t<div class=\"elementor-column elementor-col-100 elementor-top-column elementor-element elementor-element-352ad684 lakit-col-width-auto-no\" data-id=\"352ad684\" data-element_type=\"column\">\n\t\t\t<div class=\"elementor-widget-wrap elementor-element-populated\">\n\t\t\t\t\t\t\t\t<div class=\"elementor-element elementor-element-66e7e23b elementor-widget elementor-widget-heading\" data-id=\"66e7e23b\" data-element_type=\"widget\" data-widget_type=\"heading.default\">\n\t\t\t\t<div class=\"elementor-widget-container\">\n\t\t\t<style>\/*! elementor - v3.6.5 - 27-04-2022 *\/\n.elementor-heading-title{padding:0;margin:0;line-height:1}.elementor-widget-heading .elementor-heading-title[class*=elementor-size-]>a{color:inherit;font-size:inherit;line-height:inherit}.elementor-widget-heading .elementor-heading-title.elementor-size-small{font-size:15px}.elementor-widget-heading .elementor-heading-title.elementor-size-medium{font-size:19px}.elementor-widget-heading .elementor-heading-title.elementor-size-large{font-size:29px}.elementor-widget-heading .elementor-heading-title.elementor-size-xl{font-size:39px}.elementor-widget-heading .elementor-heading-title.elementor-size-xxl{font-size:59px}<\/style><h1 class=\"elementor-heading-title elementor-size-default\">Our work\n<\/h1>\t\t<\/div>\n\t\t\t\t<\/div>\n\t\t\t\t\t<\/div>\n\t\t<\/div>\n\t\t\t\t\t\t\t<\/div>\n\t\t<\/section>\n\t\t\t\t<section class=\"elementor-section elementor-top-section elementor-element elementor-element-38cf7889 elementor-section-boxed elementor-section-height-default elementor-section-height-default\" data-id=\"38cf7889\" data-element_type=\"section\" data-settings=\"{&quot;background_background&quot;:&quot;classic&quot;}\">\n\t\t\t\t\t\t\t<div class=\"elementor-background-overlay\"><\/div>\n\t\t\t\t\t\t\t<div class=\"elementor-container elementor-column-gap-default\">\n\t\t\t\t\t<div class=\"elementor-column elementor-col-100 elementor-top-column elementor-element elementor-element-c6ef49 lakit-col-width-auto-no\" data-id=\"c6ef49\" data-element_type=\"column\">\n\t\t\t<div class=\"elementor-widget-wrap elementor-element-populated\">\n\t\t\t\t\t\t\t\t<section class=\"elementor-section elementor-inner-section elementor-element elementor-element-7bc6b45b elementor-section-boxed elementor-section-height-default elementor-section-height-default\" data-id=\"7bc6b45b\" data-element_type=\"section\">\n\t\t\t\t\t\t<div class=\"elementor-container elementor-column-gap-default\">\n\t\t\t\t\t<div class=\"elementor-column elementor-col-50 elementor-inner-column elementor-element elementor-element-e929a24 lakit-col-width-auto-no\" data-id=\"e929a24\" data-element_type=\"column\">\n\t\t\t<div class=\"elementor-widget-wrap elementor-element-populated\">\n\t\t\t\t\t\t\t\t<div class=\"elementor-element elementor-element-29e4d71e elementor-widget elementor-widget-text-editor\" data-id=\"29e4d71e\" data-element_type=\"widget\" data-widget_type=\"text-editor.default\">\n\t\t\t\t<div class=\"elementor-widget-container\">\n\t\t\t<style>\/*! elementor - v3.6.5 - 27-04-2022 *\/\n.elementor-widget-text-editor.elementor-drop-cap-view-stacked .elementor-drop-cap{background-color:#818a91;color:#fff}.elementor-widget-text-editor.elementor-drop-cap-view-framed .elementor-drop-cap{color:#818a91;border:3px solid;background-color:transparent}.elementor-widget-text-editor:not(.elementor-drop-cap-view-default) .elementor-drop-cap{margin-top:8px}.elementor-widget-text-editor:not(.elementor-drop-cap-view-default) .elementor-drop-cap-letter{width:1em;height:1em}.elementor-widget-text-editor .elementor-drop-cap{float:left;text-align:center;line-height:1;font-size:50px}.elementor-widget-text-editor .elementor-drop-cap-letter{display:inline-block}<\/style>\t\t\t\t<p>Almost every business owner sometimes gets into a situation where the company affairs become overwhelming.<\/p><p>This may be the case, for example, when a key customer terminates a contract or goes bankrupt and it is necessarry for the company to take resolute action and resolve the crisis. Alterations of problematic practices are liable to solve any issues. A skilled leader knows that each situation requires  a different approach and set of skills. We at Delta Consult, Inc. have successfully solved dozens of crises anddire situations in clients' companies and we offer help to your company.<\/p><p><a class=\"button\" href=\"https:\/\/deltacons.eu\/en\/krizovy-manazment\/\">Find out more about crisis management \u00bb<\/a><\/p><p>An early sign of coming crisis is the fact that some customers do not pay. Some do so later, some not at all. If such situation is not resolved immediately and goes on ignored for too long it may lead to much more serious issues which can be enough to sink company.<\/p><p><a class=\"button\" href=\"https:\/\/deltacons.eu\/en\/delta-inkaso\/delta-inkaso-sro\/\">Find out more about debt collection \u00bb<\/a><\/p><p>However, not every difficulty in the company is a sign of the a coming crisis. It can mean the exact opposite. There are many companies which have a great produce, customers literally just cannot get enough of their services or products, but the company struggles with delivery, coordination of finance, management and sales and so on. In addition to practice and management system adjustments, we are also able to help fast-growing companies with capital for risky investments and expansion.<\/p><p><a class=\"button\" href=\"https:\/\/deltacons.eu\/en\/start-up\/\">Find out more about start-up solutions \u00bb<\/a><\/p><p>And when everything is going smoothly in the company and you are doing well, we will be happy \nto relieve you of the burden of administration. Focus on the development of your company and leave \nthe constantly changing laws and regulations to us. Our registry management team attends to 110 companies carefully monitoring and evaluating retention records for them, in accordance to state based obligations)<\/p><p><a class=\"button\" href=\"https:\/\/deltacons.eu\/en\/sprava-registratury\/\">Find out more about registry management \u00bb<\/a><\/p>\t\t\t\t\t\t<\/div>\n\t\t\t\t<\/div>\n\t\t\t\t\t<\/div>\n\t\t<\/div>\n\t\t\t\t<div class=\"elementor-column elementor-col-50 elementor-inner-column elementor-element elementor-element-2f9b99aa lakit-col-width-auto-no\" data-id=\"2f9b99aa\" data-element_type=\"column\">\n\t\t\t<div class=\"elementor-widget-wrap\">\n\t\t\t\t\t\t\t\t\t<\/div>\n\t\t<\/div>\n\t\t\t\t\t\t\t<\/div>\n\t\t<\/section>\n\t\t\t\t\t<\/div>\n\t\t<\/div>\n\t\t\t\t\t\t\t<\/div>\n\t\t<\/section>\n\t\t\t\t\t\t\t<\/div>","protected":false},"excerpt":{"rendered":"<p>Ako pracujeme Skoro ka\u017ed\u00fd majite\u013e firmy sa ob\u010das dostane do situ\u00e1cie, ke\u010f mu starosti vo firme takpovediac prerast\u00fa cez hlavu. M\u00f4\u017ee to by\u0165 napr\u00edklad v momente, ke\u010f k\u013e\u00fa\u010dov\u00fd z\u00e1kazn\u00edk vypovie zmluvu alebo rovno skrachuje a vo firme je nutn\u00e9 urobi\u0165 r\u00e1zne kroky a vyrie\u0161i\u0165 kr\u00edzu. Postupy, ktor\u00e9 firmu do kr\u00edzy priviedli, ju z tejto situ\u00e1cie [&hellip;]<\/p>","protected":false},"author":1,"featured_media":0,"parent":0,"menu_order":0,"comment_status":"closed","ping_status":"closed","template":"elementor_canvas","meta":{"footnotes":""},"class_list":["post-716","page","type-page","status-publish","hentry"],"_links":{"self":[{"href":"https:\/\/deltacons.eu\/en\/wp-json\/wp\/v2\/pages\/716","targetHints":{"allow":["GET"]}}],"collection":[{"href":"https:\/\/deltacons.eu\/en\/wp-json\/wp\/v2\/pages"}],"about":[{"href":"https:\/\/deltacons.eu\/en\/wp-json\/wp\/v2\/types\/page"}],"author":[{"embeddable":true,"href":"https:\/\/deltacons.eu\/en\/wp-json\/wp\/v2\/users\/1"}],"replies":[{"embeddable":true,"href":"https:\/\/deltacons.eu\/en\/wp-json\/wp\/v2\/comments?post=716"}],"version-history":[{"count":0,"href":"https:\/\/deltacons.eu\/en\/wp-json\/wp\/v2\/pages\/716\/revisions"}],"wp:attachment":[{"href":"https:\/\/deltacons.eu\/en\/wp-json\/wp\/v2\/media?parent=716"}],"curies":[{"name":"wp","href":"https:\/\/api.w.org\/{rel}","templated":true}]}}