{"id":482,"date":"2022-05-09T11:46:35","date_gmt":"2022-05-09T09:46:35","guid":{"rendered":"https:\/\/deltacons.eu\/?page_id=482"},"modified":"2022-05-17T12:00:34","modified_gmt":"2022-05-17T10:00:34","slug":"sprava-registratury","status":"publish","type":"page","link":"https:\/\/deltacons.eu\/en\/sprava-registratury\/","title":{"rendered":"Registry administration"},"content":{"rendered":"<div data-elementor-type=\"wp-page\" data-elementor-id=\"482\" class=\"elementor elementor-482\">\n\t\t\t\t\t\t\t\t\t<section class=\"elementor-section elementor-top-section elementor-element elementor-element-53f47577 elementor-section-boxed elementor-section-height-default elementor-section-height-default\" data-id=\"53f47577\" data-element_type=\"section\" data-settings=\"{&quot;background_background&quot;:&quot;classic&quot;}\">\n\t\t\t\t\t\t<div class=\"elementor-container elementor-column-gap-default\">\n\t\t\t\t\t<div class=\"elementor-column elementor-col-100 elementor-top-column elementor-element elementor-element-385bebf9 lakit-col-width-auto-no\" data-id=\"385bebf9\" data-element_type=\"column\">\n\t\t\t<div class=\"elementor-widget-wrap elementor-element-populated\">\n\t\t\t\t\t\t\t\t<div class=\"elementor-element elementor-element-6ea12acc elementor-widget elementor-widget-heading\" data-id=\"6ea12acc\" data-element_type=\"widget\" data-widget_type=\"heading.default\">\n\t\t\t\t<div class=\"elementor-widget-container\">\n\t\t\t<style>\/*! elementor - v3.6.5 - 27-04-2022 *\/\n.elementor-heading-title{padding:0;margin:0;line-height:1}.elementor-widget-heading .elementor-heading-title[class*=elementor-size-]>a{color:inherit;font-size:inherit;line-height:inherit}.elementor-widget-heading .elementor-heading-title.elementor-size-small{font-size:15px}.elementor-widget-heading .elementor-heading-title.elementor-size-medium{font-size:19px}.elementor-widget-heading .elementor-heading-title.elementor-size-large{font-size:29px}.elementor-widget-heading .elementor-heading-title.elementor-size-xl{font-size:39px}.elementor-widget-heading .elementor-heading-title.elementor-size-xxl{font-size:59px}<\/style><h1 class=\"elementor-heading-title elementor-size-default\">Registry administration<\/h1>\t\t<\/div>\n\t\t\t\t<\/div>\n\t\t\t\t\t<\/div>\n\t\t<\/div>\n\t\t\t\t\t\t\t<\/div>\n\t\t<\/section>\n\t\t\t\t<section class=\"elementor-section elementor-top-section elementor-element elementor-element-2a4afd48 elementor-section-boxed elementor-section-height-default elementor-section-height-default\" data-id=\"2a4afd48\" data-element_type=\"section\">\n\t\t\t\t\t\t<div class=\"elementor-container elementor-column-gap-default\">\n\t\t\t\t\t<div class=\"elementor-column elementor-col-100 elementor-top-column elementor-element elementor-element-7de44d5 lakit-col-width-auto-no\" data-id=\"7de44d5\" data-element_type=\"column\">\n\t\t\t<div class=\"elementor-widget-wrap\">\n\t\t\t\t\t\t\t\t\t<\/div>\n\t\t<\/div>\n\t\t\t\t\t\t\t<\/div>\n\t\t<\/section>\n\t\t\t\t<section class=\"elementor-section elementor-top-section elementor-element elementor-element-6a53522d elementor-section-boxed elementor-section-height-default elementor-section-height-default\" data-id=\"6a53522d\" data-element_type=\"section\" data-settings=\"{&quot;background_background&quot;:&quot;classic&quot;}\">\n\t\t\t\t\t\t\t<div class=\"elementor-background-overlay\"><\/div>\n\t\t\t\t\t\t\t<div class=\"elementor-container elementor-column-gap-default\">\n\t\t\t\t\t<div class=\"elementor-column elementor-col-100 elementor-top-column elementor-element elementor-element-78446eb9 lakit-col-width-auto-no\" data-id=\"78446eb9\" data-element_type=\"column\">\n\t\t\t<div class=\"elementor-widget-wrap elementor-element-populated\">\n\t\t\t\t\t\t\t\t<div class=\"elementor-element elementor-element-3186d5a4 animated-fast elementor-invisible lakit-has-entrance-animation elementor-widget elementor-widget-text-editor\" data-id=\"3186d5a4\" data-element_type=\"widget\" data-settings=\"{&quot;_animation&quot;:&quot;fadeInDown&quot;,&quot;_animation_delay&quot;:100}\" data-widget_type=\"text-editor.default\">\n\t\t\t\t<div class=\"elementor-widget-container\">\n\t\t\t<style>\/*! elementor - v3.6.5 - 27-04-2022 *\/\n.elementor-widget-text-editor.elementor-drop-cap-view-stacked .elementor-drop-cap{background-color:#818a91;color:#fff}.elementor-widget-text-editor.elementor-drop-cap-view-framed .elementor-drop-cap{color:#818a91;border:3px solid;background-color:transparent}.elementor-widget-text-editor:not(.elementor-drop-cap-view-default) .elementor-drop-cap{margin-top:8px}.elementor-widget-text-editor:not(.elementor-drop-cap-view-default) .elementor-drop-cap-letter{width:1em;height:1em}.elementor-widget-text-editor .elementor-drop-cap{float:left;text-align:center;line-height:1;font-size:50px}.elementor-widget-text-editor .elementor-drop-cap-letter{display:inline-block}<\/style>\t\t\t\t<p class=\" translation-block\">Registry administration is one of the key activities of <strong>DELTA Consult, Inc.<\/strong> We started to concern ourselves with retention of records professionally in 1998 as one of the first companies in Slovakia who started to work with registry administration. The company's registry center contains documents from 110 companies who use our services to various extents.<\/p><p><img decoding=\"async\" class=\"alignnone wp-image-1163 size-full\" src=\"https:\/\/deltacons.eu\/wp-content\/uploads\/2022\/05\/sprava-registratury.jpg\" alt=\"\" width=\"450\" height=\"300\" srcset=\"https:\/\/deltacons.eu\/wp-content\/uploads\/2022\/05\/sprava-registratury.jpg 450w, https:\/\/deltacons.eu\/wp-content\/uploads\/2022\/05\/sprava-registratury-300x200.jpg 300w, https:\/\/deltacons.eu\/wp-content\/uploads\/2022\/05\/sprava-registratury-18x12.jpg 18w\" sizes=\"(max-width: 450px) 100vw, 450px\" \/><\/p><p>We provide all services concerning registry administration in accordance with the National Council of the Slovak Republic's Act no. 395\/2002 Coll. on archives and registries, Decree of the Ministry of Interior of the 628\/2002 Coll., as well as other related laws and regulations.<\/p><p class=\" translation-block\">Our professionalism toward registry administration awarded us <a class=\"colorbox cboxElement\" href=\"http:\/\/www.deltacons.eu\/wp-content\/uploads\/2015\/10\/delta-consult-certifikat.jpg\" target=\"_self\"> accreditation to the ISO 9001:2008 standard by DET NORSKE VERITAS.<\/a><\/p><h2>For economically active companies we provide these services:<\/h2><ul><li>Protocol transfer and transport of files to the company's registry center, even from the client's branches throughout Slovakia.<\/li><li>Review of completeness of the assumed documents according to the client's specifications.<\/li><li>Classification of files by subject groups and year of origin.<\/li><li>Storage in well-organised archive boxes with clear labeling in accordance with applicable legislation.<\/li><li>Thanks to the accurate records of the files in the archiving system, we can locate the files in question and send a copy by e-mail within 2 hours of receiving the request.<\/li><li>We will deliver the physical source documents or certified copies of the requested files within 24 hours.<\/li><li>Yearly disposal of expired files. After the approval of an exclusion application by the client as well as the relevant record offices, we will dispose the files. We guarantee prevention of all personal and professional data leaks.<\/li><li>Development of a registry plan in accordance with the organizational structure of the client's company.<\/li><li>For clients who are only looking for a place to store their registry records and no other services, we offer the premises of our registry center.<\/li><li>For clients who have adequate premises to establish their own registry center, we will provide our services in an external form - our professional staff will help with establishing of your registry administration center. At agreed intervals they will sort, deposit and dispose of files directly at the client's company.<\/li><\/ul><h2>For administrators of the bankruptcy assets and bankruptcy trustees we provide:<\/h2><ul><li>Protocol transfer and transport of registration records,  of which the storage period has not expired to long-term custody.<\/li><li>Placement of the registry files in premises guarenteeing their preservation.<\/li><li>Classification and systematic identification of registry records.<\/li><li>Preparation of the disposal procedure and regular de-registration of expired records.<\/li><li>Processing of statements for pension and other official needs for authorized natural and legal persons.<\/li><li>Preparation of registry records with permanent documentary value in accordance with the Archiving Act for storage in the relevant state archive.<\/li><\/ul><h2>Depository of registry records - registry center<\/h2><ul><li>We keep registry records (documents) in the building owned by DELTA Consult, Inc. The building is \ndedicated exclusively to the long-term storage of registry records and therefore meets all the requirements for the record protection (protection against fire, water and other degrading factors, as well as against loss or theft) in accordance with applicable law.<\/li><li>The building is secured by an alarm device connected to the security service, windows and doors are secured by bars, inspections and checks of security devices are carried out in regular intervals. There are fire sensors on every floor and in each room, and the storage areas are secured against the spread of fire.<\/li><\/ul><h2>Do you need help with effectively managing your registry?<\/h2><p>Call us at +421 33 534 04 98 or fill out the form, we will contact you immediately.<\/p>\t\t\t\t\t\t<\/div>\n\t\t\t\t<\/div>\n\t\t\t\t\t<\/div>\n\t\t<\/div>\n\t\t\t\t\t\t\t<\/div>\n\t\t<\/section>\n\t\t\t\t<section class=\"elementor-section elementor-top-section elementor-element elementor-element-2bac48b0 elementor-section-height-min-height elementor-section-boxed elementor-section-height-default elementor-section-items-middle\" data-id=\"2bac48b0\" data-element_type=\"section\" data-settings=\"{&quot;background_background&quot;:&quot;classic&quot;}\">\n\t\t\t\t\t\t\t<div class=\"elementor-background-overlay\"><\/div>\n\t\t\t\t\t\t\t<div class=\"elementor-container elementor-column-gap-default\">\n\t\t\t\t\t<div class=\"elementor-column elementor-col-50 elementor-top-column elementor-element elementor-element-ab1500d lakit-col-width-auto-no\" data-id=\"ab1500d\" data-element_type=\"column\">\n\t\t\t<div class=\"elementor-widget-wrap elementor-element-populated\">\n\t\t\t\t\t\t\t\t<div class=\"elementor-element elementor-element-3d51ee70 elementor-widget elementor-widget-heading\" data-id=\"3d51ee70\" data-element_type=\"widget\" data-widget_type=\"heading.default\">\n\t\t\t\t<div class=\"elementor-widget-container\">\n\t\t\t<h3 class=\"elementor-heading-title elementor-size-default\">We will be happy to help you with your business<\/h3>\t\t<\/div>\n\t\t\t\t<\/div>\n\t\t\t\t<div class=\"elementor-element elementor-element-5e46a960 elementor-widget elementor-widget-heading\" data-id=\"5e46a960\" data-element_type=\"widget\" data-widget_type=\"heading.default\">\n\t\t\t\t<div class=\"elementor-widget-container\">\n\t\t\t<h3 class=\"elementor-heading-title elementor-size-default\">147+<\/h3>\t\t<\/div>\n\t\t\t\t<\/div>\n\t\t\t\t<div class=\"elementor-element elementor-element-1583227b elementor-widget elementor-widget-heading\" data-id=\"1583227b\" data-element_type=\"widget\" data-widget_type=\"heading.default\">\n\t\t\t\t<div class=\"elementor-widget-container\">\n\t\t\t<h4 class=\"elementor-heading-title elementor-size-default\">Satisfied clients<\/h4>\t\t<\/div>\n\t\t\t\t<\/div>\n\t\t\t\t<div class=\"elementor-element elementor-element-78dd0f48 elementor-widget elementor-widget-heading\" data-id=\"78dd0f48\" data-element_type=\"widget\" data-widget_type=\"heading.default\">\n\t\t\t\t<div class=\"elementor-widget-container\">\n\t\t\t<h3 class=\"elementor-heading-title elementor-size-default\">100%<\/h3>\t\t<\/div>\n\t\t\t\t<\/div>\n\t\t\t\t<div class=\"elementor-element elementor-element-333d119a elementor-widget elementor-widget-heading\" data-id=\"333d119a\" data-element_type=\"widget\" data-widget_type=\"heading.default\">\n\t\t\t\t<div class=\"elementor-widget-container\">\n\t\t\t<h4 class=\"elementor-heading-title elementor-size-default\">Satisfaction with our services<\/h4>\t\t<\/div>\n\t\t\t\t<\/div>\n\t\t\t\t<div class=\"elementor-element elementor-element-570fcba3 elementor-widget elementor-widget-heading\" data-id=\"570fcba3\" data-element_type=\"widget\" data-widget_type=\"heading.default\">\n\t\t\t\t<div class=\"elementor-widget-container\">\n\t\t\t<h3 class=\"elementor-heading-title elementor-size-default\">11+<\/h3>\t\t<\/div>\n\t\t\t\t<\/div>\n\t\t\t\t<div class=\"elementor-element elementor-element-2b62f2d7 elementor-widget elementor-widget-heading\" data-id=\"2b62f2d7\" data-element_type=\"widget\" data-widget_type=\"heading.default\">\n\t\t\t\t<div class=\"elementor-widget-container\">\n\t\t\t<h4 class=\"elementor-heading-title elementor-size-default\">Realized projects<\/h4>\t\t<\/div>\n\t\t\t\t<\/div>\n\t\t\t\t\t<\/div>\n\t\t<\/div>\n\t\t\t\t<div class=\"elementor-column elementor-col-50 elementor-top-column elementor-element elementor-element-3881fbcd lakit-col-width-auto-no\" data-id=\"3881fbcd\" data-element_type=\"column\" data-settings=\"{&quot;background_background&quot;:&quot;classic&quot;}\">\n\t\t\t<div class=\"elementor-widget-wrap elementor-element-populated\">\n\t\t\t\t\t\t\t\t<div class=\"elementor-element elementor-element-4ccb2ada elementor-widget elementor-widget-heading\" data-id=\"4ccb2ada\" data-element_type=\"widget\" data-widget_type=\"heading.default\">\n\t\t\t\t<div class=\"elementor-widget-container\">\n\t\t\t<h6 class=\"elementor-heading-title elementor-size-default\">Are you interested in a consultation?<\/h6>\t\t<\/div>\n\t\t\t\t<\/div>\n\t\t\t\t<div class=\"elementor-element elementor-element-19f3adf5 elementor-widget elementor-widget-heading\" data-id=\"19f3adf5\" data-element_type=\"widget\" data-widget_type=\"heading.default\">\n\t\t\t\t<div class=\"elementor-widget-container\">\n\t\t\t<h2 class=\"elementor-heading-title elementor-size-default\">Send us a message<\/h2>\t\t<\/div>\n\t\t\t\t<\/div>\n\t\t\t\t<div class=\"elementor-element elementor-element-18d8cdc2 elementor-widget elementor-widget-elementskit-contact-form7\" data-id=\"18d8cdc2\" data-element_type=\"widget\" data-widget_type=\"elementskit-contact-form7.default\">\n\t\t\t\t<div class=\"elementor-widget-container\">\n\t\t\t<div class=\"ekit-wid-con\" ><div class=\"ekit-form\">\n<div class=\"wpcf7 no-js\" id=\"wpcf7-f8-o1\" lang=\"sk-SK\" dir=\"ltr\">\n<div class=\"screen-reader-response\"><p role=\"status\" aria-live=\"polite\" aria-atomic=\"true\"><\/p> <ul><\/ul><\/div>\n<form action=\"\/en\/wp-json\/wp\/v2\/pages\/482#wpcf7-f8-o1\" method=\"post\" class=\"wpcf7-form init\" aria-label=\"Contact form\" novalidate=\"novalidate\" data-status=\"init\" data-trp-original-action=\"\/en\/wp-json\/wp\/v2\/pages\/482#wpcf7-f8-o1\">\n<div style=\"display: none;\">\n<input type=\"hidden\" name=\"_wpcf7\" value=\"8\" \/>\n<input type=\"hidden\" name=\"_wpcf7_version\" value=\"5.8\" \/>\n<input type=\"hidden\" name=\"_wpcf7_locale\" value=\"sk_SK\" \/>\n<input type=\"hidden\" name=\"_wpcf7_unit_tag\" value=\"wpcf7-f8-o1\" \/>\n<input type=\"hidden\" name=\"_wpcf7_container_post\" value=\"0\" \/>\n<input type=\"hidden\" name=\"_wpcf7_posted_data_hash\" value=\"\" \/>\n<input type=\"hidden\" name=\"_wpcf7_recaptcha_response\" value=\"\" \/>\n<\/div>\n<p><label> Your name<br \/>\n<span class=\"wpcf7-form-control-wrap\" data-name=\"your-name\"><input size=\"40\" class=\"wpcf7-form-control wpcf7-text wpcf7-validates-as-required\" aria-required=\"true\" aria-invalid=\"false\" value=\"\" type=\"text\" name=\"your-name\" \/><\/span> <\/label>\n<\/p>\n<p><label> Your email<br \/>\n<span class=\"wpcf7-form-control-wrap\" data-name=\"your-email\"><input size=\"40\" class=\"wpcf7-form-control wpcf7-email wpcf7-validates-as-required wpcf7-text wpcf7-validates-as-email\" aria-required=\"true\" aria-invalid=\"false\" value=\"\" type=\"email\" name=\"your-email\" \/><\/span> <\/label>\n<\/p>\n<p><label> Your phone number<br \/>\n<span class=\"wpcf7-form-control-wrap\" data-name=\"tel-908\"><input size=\"40\" class=\"wpcf7-form-control wpcf7-tel wpcf7-text wpcf7-validates-as-tel\" aria-invalid=\"false\" value=\"\" type=\"tel\" name=\"tel-908\" \/><\/span> <\/label>\n<\/p>\n<p><label> Your message<br \/>\n<span class=\"wpcf7-form-control-wrap\" data-name=\"your-message\"><textarea cols=\"40\" rows=\"10\" class=\"wpcf7-form-control wpcf7-textarea\" aria-invalid=\"false\" name=\"your-message\"><\/textarea><\/span> <\/label>\n<\/p>\n<p><input class=\"wpcf7-form-control wpcf7-submit has-spinner\" type=\"submit\" value=\"Send\" \/>\n<\/p><div class=\"wpcf7-response-output\" aria-hidden=\"true\"><\/div>\n<input type=\"hidden\" name=\"trp-form-language\" value=\"en\"\/><\/form>\n<\/div>\n<\/div><\/div>\t\t<\/div>\n\t\t\t\t<\/div>\n\t\t\t\t\t<\/div>\n\t\t<\/div>\n\t\t\t\t\t\t\t<\/div>\n\t\t<\/section>\n\t\t\t\t\t\t\t<\/div>","protected":false},"excerpt":{"rendered":"<p>Spr\u00e1va registrat\u00fary Spr\u00e1va registrat\u00fary patr\u00ed medzi k\u013e\u00fa\u010dov\u00e9 \u010dinnosti spolo\u010dnosti DELTA Consult, a.s. Profesion\u00e1lne sme sa \u0148ou za\u010dali zaobera\u0165 v roku 1998 ako jedna z prv\u00fdch firiem na Slovensku. V registrat\u00farnom stredisku spolo\u010dnosti sa nach\u00e1dzaj\u00fa p\u00edsomnosti 110 firiem, ktor\u00e9 vyu\u017e\u00edvaj\u00fa na\u0161e slu\u017eby v r\u00f4znom rozsahu. V\u0161etky slu\u017eby v oblasti spr\u00e1vy registrat\u00fary realizujeme v s\u00falade so z\u00e1kon [&hellip;]<\/p>","protected":false},"author":1,"featured_media":0,"parent":0,"menu_order":0,"comment_status":"closed","ping_status":"closed","template":"","meta":{"footnotes":""},"class_list":["post-482","page","type-page","status-publish","hentry"],"_links":{"self":[{"href":"https:\/\/deltacons.eu\/en\/wp-json\/wp\/v2\/pages\/482","targetHints":{"allow":["GET"]}}],"collection":[{"href":"https:\/\/deltacons.eu\/en\/wp-json\/wp\/v2\/pages"}],"about":[{"href":"https:\/\/deltacons.eu\/en\/wp-json\/wp\/v2\/types\/page"}],"author":[{"embeddable":true,"href":"https:\/\/deltacons.eu\/en\/wp-json\/wp\/v2\/users\/1"}],"replies":[{"embeddable":true,"href":"https:\/\/deltacons.eu\/en\/wp-json\/wp\/v2\/comments?post=482"}],"version-history":[{"count":0,"href":"https:\/\/deltacons.eu\/en\/wp-json\/wp\/v2\/pages\/482\/revisions"}],"wp:attachment":[{"href":"https:\/\/deltacons.eu\/en\/wp-json\/wp\/v2\/media?parent=482"}],"curies":[{"name":"wp","href":"https:\/\/api.w.org\/{rel}","templated":true}]}}